{"id":29,"date":"2024-10-31T14:11:50","date_gmt":"2024-10-31T13:11:50","guid":{"rendered":"https:\/\/www.eprecisionhealth.com\/?page_id=29"},"modified":"2024-11-11T00:07:41","modified_gmt":"2024-11-10T23:07:41","slug":"ederma","status":"publish","type":"page","link":"https:\/\/www.eprecisionhealth.com\/?page_id=29","title":{"rendered":"EDERMA"},"content":{"rendered":"\n<div class=\"wp-block-cover alignfull\" style=\"margin-top:0;margin-bottom:0;padding-top:0;padding-bottom:0;min-height:50px;aspect-ratio:unset;\"><span aria-hidden=\"true\" class=\"wp-block-cover__background has-background-dim-100 has-background-dim\" style=\"background-color:#333333\"><\/span><div class=\"wp-block-cover__inner-container is-layout-constrained wp-container-core-cover-is-layout-42da4b3f wp-block-cover-is-layout-constrained\">\n<p class=\"has-text-align-center has-large-font-size\"><\/p>\n\n\n\n<div style=\"height:100px\" aria-hidden=\"true\" class=\"wp-block-spacer\"><\/div>\n\n\n\n<h3 class=\"wp-block-heading has-text-align-center has-ast-global-color-5-color has-text-color has-link-color wp-elements-6684f58303e8b10fba20ca56d86208f4\" style=\"margin-top:var(--wp--preset--spacing--50);margin-bottom:var(--wp--preset--spacing--50);font-size:32px\">eDerma<\/h3>\n<\/div><\/div>\n\n\n\n<div class=\"wp-block-cover\"><span aria-hidden=\"true\" class=\"wp-block-cover__background has-ast-global-color-5-background-color has-background-dim-100 has-background-dim\"><\/span><div class=\"wp-block-cover__inner-container is-layout-constrained wp-container-core-cover-is-layout-712119ab wp-block-cover-is-layout-constrained\">\n<div style=\"height:10px\" aria-hidden=\"true\" class=\"wp-block-spacer\"><\/div>\n\n\n\n<p class=\"has-text-align-center has-text-color has-link-color wp-elements-58238c2eff3f66d0f74eeb9ee6d81e0d\" style=\"color:#545454;font-size:17px\"><strong>La aplicaci\u00f3n eDerma es un sistema avanzado para el diagnostico y seguimiento de lesiones en la piel, que sin tratar de sustituir los actuales programas inform\u00e1ticos de los que disponen en el \u00e1mbito sanitario, pone en manos de m\u00e9dicos y pacientes las herramientas necesarias para mejorar su comunicaci\u00f3n.<\/strong><\/p>\n\n\n\n<div style=\"height:10px\" aria-hidden=\"true\" class=\"wp-block-spacer\"><\/div>\n\n\n\n<div class=\"wp-block-columns is-layout-flex wp-container-core-columns-is-layout-28f84493 wp-block-columns-is-layout-flex\">\n<div class=\"wp-block-column is-layout-constrained wp-block-column-is-layout-constrained\">\n<p class=\"has-text-align-center has-text-color has-link-color wp-elements-e243bf80a83174281190d046d71dec55\" style=\"color:#545454;font-size:19px\"><strong>\u00a1\u00a1 ACCEDE A LA P\u00c1GINA WEB <br>DEL PRODUCTO !!<\/strong><\/p>\n<\/div>\n\n\n\n<div class=\"wp-block-column is-layout-flow wp-block-column-is-layout-flow\">\n<figure class=\"wp-block-image size-full\"><img loading=\"lazy\" decoding=\"async\" width=\"256\" height=\"100\" src=\"https:\/\/www.eprecisionhealth.com\/wp-content\/uploads\/2024\/11\/logo-eDerma100.png\" alt=\"\" class=\"wp-image-107\"\/><\/figure>\n<\/div>\n<\/div>\n<\/div><\/div>\n\n\n\n<div class=\"wp-block-cover alignfull is-light has-small-font-size\" style=\"border-top-color:var(--wp--preset--color--ast-global-color-5);border-top-style:none;border-top-width:0px;border-right-style:none;border-right-width:0px;border-bottom-color:var(--wp--preset--color--ast-global-color-5);border-bottom-style:none;border-bottom-width:0px;border-left-style:none;border-left-width:0px;margin-top:0;margin-bottom:0;padding-top:0;padding-bottom:0;min-height:50px;aspect-ratio:unset;\"><span aria-hidden=\"true\" class=\"wp-block-cover__background has-background-dim-100 has-background-dim\" style=\"background-color:#aed4e4\"><\/span><div class=\"wp-block-cover__inner-container is-layout-flow wp-block-cover-is-layout-flow\">\n<h2 class=\"wp-block-heading alignfull has-text-color has-background has-link-color wp-elements-aa95d26649bba6f33c2a0373e9e7c773\" style=\"color:#333333;background-color:#aed4e4;margin-right:0;margin-left:0;font-size:26px\">\u00bfEN QUE CONSISTE eDerma?<\/h2>\n<\/div><\/div>\n\n\n\n<div class=\"wp-block-cover\"><span aria-hidden=\"true\" class=\"wp-block-cover__background has-ast-global-color-5-background-color has-background-dim-100 has-background-dim\"><\/span><div class=\"wp-block-cover__inner-container is-layout-flow wp-block-cover-is-layout-flow\">\n<div class=\"wp-block-columns is-layout-flex wp-container-core-columns-is-layout-28f84493 wp-block-columns-is-layout-flex\">\n<div class=\"wp-block-column has-background is-layout-constrained wp-container-core-column-is-layout-df8428a5 wp-block-column-is-layout-constrained\" style=\"background-color:#aed4e4;padding-top:0;padding-right:var(--wp--preset--spacing--30);padding-bottom:0;padding-left:var(--wp--preset--spacing--30)\">\n<div style=\"height:15px\" aria-hidden=\"true\" class=\"wp-block-spacer\"><\/div>\n\n\n\n<p class=\"has-text-align-left has-text-color has-link-color wp-elements-f70e81cb54b123a6e011e382358e20af\" style=\"color:#545454;font-size:20px\"><strong>MAPAS CORPORALES<\/strong><\/p>\n\n\n\n<p class=\"has-ast-global-color-2-color has-text-color has-link-color wp-elements-4895b04155d978cbeef3e203e5f4e4db\" style=\"font-size:18px\">Asociaci\u00f3n de im\u00e1genes a las distintas zonas del mapa corporal<br><br>Los mapas corporales son de utilidad para el paciente, para detectar la aparici\u00f3n de nuevas lesiones.<br><br>Podremos visualizar las im\u00e1genes asociadas a nuestro mapa corporal, clasificadas por zonas corporales y ordenadas cronol\u00f3gicamente.<\/p>\n<\/div>\n\n\n\n<div class=\"wp-block-column is-layout-flow wp-block-column-is-layout-flow\">\n<figure class=\"wp-block-image aligncenter size-full\"><img loading=\"lazy\" decoding=\"async\" width=\"317\" height=\"612\" src=\"https:\/\/www.eprecisionhealth.com\/wp-content\/uploads\/2024\/11\/altaSeguimiento.png\" alt=\"\" class=\"wp-image-157\" srcset=\"https:\/\/www.eprecisionhealth.com\/wp-content\/uploads\/2024\/11\/altaSeguimiento.png 317w, https:\/\/www.eprecisionhealth.com\/wp-content\/uploads\/2024\/11\/altaSeguimiento-155x300.png 155w\" sizes=\"auto, (max-width: 317px) 100vw, 317px\" \/><\/figure>\n<\/div>\n\n\n\n<div class=\"wp-block-column is-layout-flow wp-block-column-is-layout-flow\">\n<figure class=\"wp-block-image size-full\"><img loading=\"lazy\" decoding=\"async\" width=\"317\" height=\"612\" src=\"https:\/\/www.eprecisionhealth.com\/wp-content\/uploads\/2024\/11\/mapasCorporales.png\" alt=\"\" class=\"wp-image-158\" srcset=\"https:\/\/www.eprecisionhealth.com\/wp-content\/uploads\/2024\/11\/mapasCorporales.png 317w, https:\/\/www.eprecisionhealth.com\/wp-content\/uploads\/2024\/11\/mapasCorporales-155x300.png 155w\" sizes=\"auto, (max-width: 317px) 100vw, 317px\" \/><\/figure>\n<\/div>\n\n\n\n<div class=\"wp-block-column is-layout-flow wp-block-column-is-layout-flow\">\n<figure class=\"wp-block-image size-full\"><img loading=\"lazy\" decoding=\"async\" width=\"317\" height=\"612\" src=\"https:\/\/www.eprecisionhealth.com\/wp-content\/uploads\/2024\/11\/antebrazoSeguimiento.png\" alt=\"\" class=\"wp-image-159\" srcset=\"https:\/\/www.eprecisionhealth.com\/wp-content\/uploads\/2024\/11\/antebrazoSeguimiento.png 317w, https:\/\/www.eprecisionhealth.com\/wp-content\/uploads\/2024\/11\/antebrazoSeguimiento-155x300.png 155w\" sizes=\"auto, (max-width: 317px) 100vw, 317px\" \/><\/figure>\n<\/div>\n<\/div>\n\n\n\n<hr class=\"wp-block-separator has-text-color has-ast-global-color-7-color has-alpha-channel-opacity has-ast-global-color-7-background-color has-background is-style-wide\" style=\"margin-top:var(--wp--preset--spacing--60);margin-bottom:var(--wp--preset--spacing--60)\"\/>\n\n\n\n<div class=\"wp-block-columns is-layout-flex wp-container-core-columns-is-layout-28f84493 wp-block-columns-is-layout-flex\">\n<div class=\"wp-block-column has-background is-layout-constrained wp-container-core-column-is-layout-ff778368 wp-block-column-is-layout-constrained\" style=\"background-color:#aed4e4;padding-right:var(--wp--preset--spacing--30);padding-left:var(--wp--preset--spacing--30)\">\n<div style=\"height:15px\" aria-hidden=\"true\" class=\"wp-block-spacer\"><\/div>\n\n\n\n<p class=\"has-text-align-left has-text-color has-link-color wp-elements-244803e731526d4bf92143ed815d349d\" style=\"color:#545454;font-size:20px\"><strong>SEGUIMIENTO DE LESIONES<\/strong><\/p>\n\n\n\n<p class=\"has-ast-global-color-2-color has-text-color has-link-color wp-elements-e5f3f866249ce5665ddd99b149da6f4a\" style=\"font-size:18px\">Privados o compartidos<br><br>Cuando en su mapa corporal,<br>el paciente observe una lesi\u00f3n cuya evoluci\u00f3n requiera especial atenci\u00f3n, crear\u00e1 un seguimiento.<\/p>\n\n\n\n<p class=\"has-ast-global-color-2-color has-text-color has-link-color wp-elements-0cdcb057de15750c62230f008bea0057\" style=\"font-size:18px\"><\/p>\n<\/div>\n\n\n\n<div class=\"wp-block-column is-layout-flow wp-block-column-is-layout-flow\">\n<figure class=\"wp-block-image aligncenter size-full\"><img loading=\"lazy\" decoding=\"async\" width=\"317\" height=\"612\" src=\"https:\/\/www.eprecisionhealth.com\/wp-content\/uploads\/2024\/11\/drawer-ederma.png\" alt=\"\" class=\"wp-image-160\" srcset=\"https:\/\/www.eprecisionhealth.com\/wp-content\/uploads\/2024\/11\/drawer-ederma.png 317w, https:\/\/www.eprecisionhealth.com\/wp-content\/uploads\/2024\/11\/drawer-ederma-155x300.png 155w\" sizes=\"auto, (max-width: 317px) 100vw, 317px\" \/><\/figure>\n<\/div>\n\n\n\n<div class=\"wp-block-column is-layout-flow wp-block-column-is-layout-flow\">\n<figure class=\"wp-block-image size-full\"><img loading=\"lazy\" decoding=\"async\" width=\"317\" height=\"612\" src=\"https:\/\/www.eprecisionhealth.com\/wp-content\/uploads\/2024\/11\/detalleSeguimiento.png\" alt=\"\" class=\"wp-image-161\" srcset=\"https:\/\/www.eprecisionhealth.com\/wp-content\/uploads\/2024\/11\/detalleSeguimiento.png 317w, https:\/\/www.eprecisionhealth.com\/wp-content\/uploads\/2024\/11\/detalleSeguimiento-155x300.png 155w\" sizes=\"auto, (max-width: 317px) 100vw, 317px\" \/><\/figure>\n<\/div>\n\n\n\n<div class=\"wp-block-column is-layout-flow wp-block-column-is-layout-flow\">\n<figure class=\"wp-block-image size-full\"><img loading=\"lazy\" decoding=\"async\" width=\"317\" height=\"612\" src=\"https:\/\/www.eprecisionhealth.com\/wp-content\/uploads\/2024\/11\/seguimientoImagenes.png\" alt=\"\" class=\"wp-image-162\" srcset=\"https:\/\/www.eprecisionhealth.com\/wp-content\/uploads\/2024\/11\/seguimientoImagenes.png 317w, https:\/\/www.eprecisionhealth.com\/wp-content\/uploads\/2024\/11\/seguimientoImagenes-155x300.png 155w\" sizes=\"auto, (max-width: 317px) 100vw, 317px\" \/><\/figure>\n<\/div>\n<\/div>\n\n\n\n<hr class=\"wp-block-separator has-text-color has-ast-global-color-7-color has-alpha-channel-opacity has-ast-global-color-7-background-color has-background is-style-wide\" style=\"margin-top:var(--wp--preset--spacing--60);margin-bottom:var(--wp--preset--spacing--60)\"\/>\n\n\n\n<div class=\"wp-block-columns is-layout-flex wp-container-core-columns-is-layout-28f84493 wp-block-columns-is-layout-flex\">\n<div class=\"wp-block-column has-background is-layout-constrained wp-container-core-column-is-layout-ff778368 wp-block-column-is-layout-constrained\" style=\"background-color:#aed4e4;padding-right:var(--wp--preset--spacing--30);padding-left:var(--wp--preset--spacing--30)\">\n<div style=\"height:15px\" aria-hidden=\"true\" class=\"wp-block-spacer\"><\/div>\n\n\n\n<p class=\"has-text-align-left has-text-color has-link-color wp-elements-9d7449a62dfd4a0900799562cd571634\" style=\"color:#545454;font-size:20px\"><strong>INDICE UV<\/strong><\/p>\n\n\n\n<p class=\"has-ast-global-color-2-color has-text-color has-link-color wp-elements-30ac9e91be3131931ae6799368de02b2\" style=\"font-size:18px\">Seg\u00fan nuestra localizaci\u00f3n o localidad preseleccionada.<br><br><strong>eDerma<\/strong> nos informa diariamente del nivel de radiaci\u00f3n a trav\u00e9s de una notificaci\u00f3n<\/p>\n\n\n\n<p class=\"has-ast-global-color-2-color has-text-color has-link-color wp-elements-0cdcb057de15750c62230f008bea0057\" style=\"font-size:18px\"><\/p>\n\n\n\n<p class=\"has-ast-global-color-2-color has-text-color has-link-color wp-elements-0cdcb057de15750c62230f008bea0057\" style=\"font-size:18px\"><\/p>\n<\/div>\n\n\n\n<div class=\"wp-block-column is-layout-flow wp-block-column-is-layout-flow\">\n<figure class=\"wp-block-image aligncenter size-full\"><img loading=\"lazy\" decoding=\"async\" width=\"317\" height=\"612\" src=\"https:\/\/www.eprecisionhealth.com\/wp-content\/uploads\/2024\/11\/UV-ok.png\" alt=\"\" class=\"wp-image-164\" srcset=\"https:\/\/www.eprecisionhealth.com\/wp-content\/uploads\/2024\/11\/UV-ok.png 317w, https:\/\/www.eprecisionhealth.com\/wp-content\/uploads\/2024\/11\/UV-ok-155x300.png 155w\" sizes=\"auto, (max-width: 317px) 100vw, 317px\" \/><\/figure>\n<\/div>\n\n\n\n<div class=\"wp-block-column is-layout-flow wp-block-column-is-layout-flow\">\n<figure class=\"wp-block-image size-full\"><img loading=\"lazy\" decoding=\"async\" width=\"317\" height=\"612\" src=\"https:\/\/www.eprecisionhealth.com\/wp-content\/uploads\/2024\/11\/UV-forecastok.png\" alt=\"\" class=\"wp-image-163\" srcset=\"https:\/\/www.eprecisionhealth.com\/wp-content\/uploads\/2024\/11\/UV-forecastok.png 317w, https:\/\/www.eprecisionhealth.com\/wp-content\/uploads\/2024\/11\/UV-forecastok-155x300.png 155w\" sizes=\"auto, (max-width: 317px) 100vw, 317px\" \/><\/figure>\n<\/div>\n\n\n\n<div class=\"wp-block-column is-layout-flow wp-block-column-is-layout-flow\"><\/div>\n<\/div>\n<\/div><\/div>\n\n\n\n<p><\/p>\n","protected":false},"excerpt":{"rendered":"","protected":false},"author":1,"featured_media":0,"parent":0,"menu_order":0,"comment_status":"closed","ping_status":"closed","template":"","meta":{"site-sidebar-layout":"default","site-content-layout":"","ast-site-content-layout":"","site-content-style":"default","site-sidebar-style":"default","ast-global-header-display":"","ast-banner-title-visibility":"","ast-main-header-display":"","ast-hfb-above-header-display":"","ast-hfb-below-header-display":"","ast-hfb-mobile-header-display":"","site-post-title":"disabled","ast-breadcrumbs-content":"","ast-featured-img":"","footer-sml-layout":"","theme-transparent-header-meta":"","adv-header-id-meta":"","stick-header-meta":"","header-above-stick-meta":"","header-main-stick-meta":"","header-below-stick-meta":"","astra-migrate-meta-layouts":"default","ast-page-background-enabled":"default","ast-page-background-meta":{"desktop":{"background-color":"var(--ast-global-color-4)","background-image":"","background-repeat":"repeat","background-position":"center center","background-size":"auto","background-attachment":"scroll","background-type":"","background-media":"","overlay-type":"","overlay-color":"","overlay-opacity":"","overlay-gradient":""},"tablet":{"background-color":"","background-image":"","background-repeat":"repeat","background-position":"center center","background-size":"auto","background-attachment":"scroll","background-type":"","background-media":"","overlay-type":"","overlay-color":"","overlay-opacity":"","overlay-gradient":""},"mobile":{"background-color":"","background-image":"","background-repeat":"repeat","background-position":"center center","background-size":"auto","background-attachment":"scroll","background-type":"","background-media":"","overlay-type":"","overlay-color":"","overlay-opacity":"","overlay-gradient":""}},"ast-content-background-meta":{"desktop":{"background-color":"var(--ast-global-color-5)","background-image":"","background-repeat":"repeat","background-position":"center center","background-size":"auto","background-attachment":"scroll","background-type":"","background-media":"","overlay-type":"","overlay-color":"","overlay-opacity":"","overlay-gradient":""},"tablet":{"background-color":"var(--ast-global-color-5)","background-image":"","background-repeat":"repeat","background-position":"center center","background-size":"auto","background-attachment":"scroll","background-type":"","background-media":"","overlay-type":"","overlay-color":"","overlay-opacity":"","overlay-gradient":""},"mobile":{"background-color":"var(--ast-global-color-5)","background-image":"","background-repeat":"repeat","background-position":"center center","background-size":"auto","background-attachment":"scroll","background-type":"","background-media":"","overlay-type":"","overlay-color":"","overlay-opacity":"","overlay-gradient":""}},"footnotes":""},"class_list":["post-29","page","type-page","status-publish","hentry"],"_links":{"self":[{"href":"https:\/\/www.eprecisionhealth.com\/index.php?rest_route=\/wp\/v2\/pages\/29","targetHints":{"allow":["GET"]}}],"collection":[{"href":"https:\/\/www.eprecisionhealth.com\/index.php?rest_route=\/wp\/v2\/pages"}],"about":[{"href":"https:\/\/www.eprecisionhealth.com\/index.php?rest_route=\/wp\/v2\/types\/page"}],"author":[{"embeddable":true,"href":"https:\/\/www.eprecisionhealth.com\/index.php?rest_route=\/wp\/v2\/users\/1"}],"replies":[{"embeddable":true,"href":"https:\/\/www.eprecisionhealth.com\/index.php?rest_route=%2Fwp%2Fv2%2Fcomments&post=29"}],"version-history":[{"count":25,"href":"https:\/\/www.eprecisionhealth.com\/index.php?rest_route=\/wp\/v2\/pages\/29\/revisions"}],"predecessor-version":[{"id":265,"href":"https:\/\/www.eprecisionhealth.com\/index.php?rest_route=\/wp\/v2\/pages\/29\/revisions\/265"}],"wp:attachment":[{"href":"https:\/\/www.eprecisionhealth.com\/index.php?rest_route=%2Fwp%2Fv2%2Fmedia&parent=29"}],"curies":[{"name":"wp","href":"https:\/\/api.w.org\/{rel}","templated":true}]}}