{"id":6,"date":"2024-10-31T09:18:10","date_gmt":"2024-10-31T08:18:10","guid":{"rendered":"https:\/\/www.eprecisionhealth.com\/?page_id=6"},"modified":"2025-02-28T18:59:40","modified_gmt":"2025-02-28T17:59:40","slug":"inicio","status":"publish","type":"page","link":"https:\/\/www.eprecisionhealth.com\/","title":{"rendered":"INICIO"},"content":{"rendered":"\n<div class=\"wp-block-cover alignfull is-light has-parallax\" style=\"border-style:none;border-width:0px;padding-top:0;padding-bottom:0;min-height:100vh;aspect-ratio:unset;\"><span aria-hidden=\"true\" class=\"wp-block-cover__background has-background-dim-0 has-background-dim\" style=\"background-color:#cfe3e7\"><\/span><div class=\"wp-block-cover__image-background wp-image-44 has-parallax\" style=\"background-position:50% 50%;background-image:url(https:\/\/www.eprecisionhealth.com\/wp-content\/uploads\/2024\/10\/background-chica.png)\"><\/div><div class=\"wp-block-cover__inner-container is-layout-flow wp-block-cover-is-layout-flow\">\n<p class=\"has-text-align-center has-ast-global-color-0-color has-text-color has-link-color wp-elements-4ebdad4a425cc647286117d4a7e2c6e5\" style=\"font-size:16px\">LA SALUD DE PRECISI\u00d3N<\/p>\n\n\n\n<h1 class=\"wp-block-heading has-text-align-center has-ast-global-color-5-color has-text-color has-link-color wp-elements-1ba8cd3ef5a4cfddf38bdf17ec3d3866\" style=\"font-size:80px\"><strong>PROFESSIONAL<\/strong><\/h1>\n\n\n\n<p class=\"has-text-align-center has-text-color has-link-color wp-elements-483b2fb747bbedbb25c607344d5b9856\" style=\"color:#545454;font-size:24px\">PORQUE LO M\u00c1S IMPORTANTE ES TU SALUD<\/p>\n\n\n\n<p class=\"has-text-align-center has-ast-global-color-5-color has-text-color has-link-color wp-elements-e276ffb121df9d435b08c7015da20589\" style=\"font-size:15px\">linea de innovaci\u00f3n<\/p>\n\n\n\n<div class=\"wp-block-buttons is-content-justification-center is-layout-flex wp-container-core-buttons-is-layout-a89b3969 wp-block-buttons-is-layout-flex\">\n<div class=\"wp-block-button is-style-fill\"><a class=\"wp-block-button__link has-background has-text-align-center wp-element-button\" href=\"#\" style=\"background-color:#52a7fe\">\n    E-PRECISIONHEALTH\n  <\/a><\/div>\n<\/div>\n<\/div><\/div>\n\n\n\n<div class=\"wp-block-cover alignfull\"><span aria-hidden=\"true\" class=\"wp-block-cover__background has-ast-global-color-5-background-color has-background-dim-100 has-background-dim\"><\/span><div class=\"wp-block-cover__inner-container is-layout-constrained wp-block-cover-is-layout-constrained\">\n<div style=\"height:80px\" aria-hidden=\"true\" class=\"wp-block-spacer\"><\/div>\n\n\n\n<h2 class=\"wp-block-heading has-text-align-center has-ast-global-color-2-color has-text-color has-link-color wp-elements-97ce7e1971ba6ed0288360b06ee9e471\" style=\"font-size:21px\"><strong>LA UNI\u00d3N DE LA CIENCIA, LA MEDICINA Y LA TECNOLOG\u00cdA<\/strong><\/h2>\n\n\n\n<div class=\"wp-block-columns is-layout-flex wp-container-core-columns-is-layout-28f84493 wp-block-columns-is-layout-flex\">\n<div class=\"wp-block-column is-layout-constrained wp-block-column-is-layout-constrained\">\n<div class=\"wp-block-group alignwide has-border-color is-layout-constrained wp-container-core-group-is-layout-2688b163 wp-block-group-is-layout-constrained\" style=\"border-color:#eaeaea;border-width:2px\">\n<div style=\"height:20px\" aria-hidden=\"true\" class=\"wp-block-spacer\"><\/div>\n\n\n\n<figure class=\"wp-block-image aligncenter size-full is-resized\"><img decoding=\"async\" src=\"https:\/\/www.eprecisionhealth.com\/wp-content\/uploads\/2024\/11\/mobile-white-svg.svg\" alt=\"\" class=\"wp-image-77\" style=\"width:100px\"\/><\/figure>\n\n\n\n<p class=\"has-text-align-center has-ast-global-color-2-color has-text-color has-link-color wp-elements-d3cfdb440f482f083dd4085794c1982e\">RECOPILACI\u00d3N<\/p>\n\n\n\n<div style=\"height:20px\" aria-hidden=\"true\" class=\"wp-block-spacer\"><\/div>\n<\/div>\n<\/div>\n\n\n\n<div class=\"wp-block-column is-layout-flow wp-block-column-is-layout-flow\">\n<div class=\"wp-block-group alignwide has-border-color is-layout-constrained wp-container-core-group-is-layout-2688b163 wp-block-group-is-layout-constrained\" style=\"border-color:#eaeaea;border-width:2px\">\n<div style=\"height:20px\" aria-hidden=\"true\" class=\"wp-block-spacer\"><\/div>\n\n\n\n<figure class=\"wp-block-image aligncenter size-full is-resized\"><img decoding=\"async\" src=\"https:\/\/www.eprecisionhealth.com\/wp-content\/uploads\/2024\/11\/cloud-white-svg.svg\" alt=\"\" class=\"wp-image-78\" style=\"width:100px\"\/><\/figure>\n\n\n\n<p class=\"has-text-align-center has-ast-global-color-2-color has-text-color has-link-color wp-elements-1c625f55dd9ef075fa66bb5ed9512fbc\">ALMACENAMIENTO<\/p>\n\n\n\n<div style=\"height:20px\" aria-hidden=\"true\" class=\"wp-block-spacer\"><\/div>\n<\/div>\n<\/div>\n\n\n\n<div class=\"wp-block-column is-layout-flow wp-block-column-is-layout-flow\">\n<div class=\"wp-block-group alignwide has-border-color is-layout-constrained wp-container-core-group-is-layout-2688b163 wp-block-group-is-layout-constrained\" style=\"border-color:#eaeaea;border-width:2px\">\n<div style=\"height:20px\" aria-hidden=\"true\" class=\"wp-block-spacer\"><\/div>\n\n\n\n<figure class=\"wp-block-image aligncenter size-full is-resized\"><img decoding=\"async\" src=\"https:\/\/www.eprecisionhealth.com\/wp-content\/uploads\/2024\/11\/share-white-svg-2.svg\" alt=\"\" class=\"wp-image-93\" style=\"width:100px\"\/><\/figure>\n\n\n\n<p class=\"has-text-align-center has-ast-global-color-2-color has-text-color has-link-color wp-elements-5b2c40f96c956928cba719af4c02901e\">AN\u00c1LISIS USO DE DATOS<\/p>\n\n\n\n<div style=\"height:20px\" aria-hidden=\"true\" class=\"wp-block-spacer\"><\/div>\n<\/div>\n<\/div>\n\n\n\n<div class=\"wp-block-column is-layout-flow wp-block-column-is-layout-flow\">\n<div class=\"wp-block-group alignwide has-border-color is-layout-constrained wp-container-core-group-is-layout-2688b163 wp-block-group-is-layout-constrained\" style=\"border-color:#eaeaea;border-width:2px\">\n<div style=\"height:20px\" aria-hidden=\"true\" class=\"wp-block-spacer\"><\/div>\n\n\n\n<figure class=\"wp-block-image aligncenter size-full is-resized\"><img decoding=\"async\" src=\"https:\/\/www.eprecisionhealth.com\/wp-content\/uploads\/2024\/11\/gears-white-svg.svg\" alt=\"\" class=\"wp-image-81\" style=\"width:100px\"\/><\/figure>\n\n\n\n<p class=\"has-text-align-center has-ast-global-color-2-color has-text-color has-link-color wp-elements-d8420be5021d334d0773fa40bc0bdc4f\">DIAGN\u00d3STICO M\u00c1S PRECISO<\/p>\n\n\n\n<div style=\"height:20px\" aria-hidden=\"true\" class=\"wp-block-spacer\"><\/div>\n<\/div>\n<\/div>\n<\/div>\n\n\n\n<p class=\"has-text-align-center has-ast-global-color-0-color has-text-color has-link-color wp-elements-c2be9692a6a6055ac9d6e0dd7994425a\" style=\"font-size:19px\">La salud de precisi\u00f3n puede ayudar a los investigadores a comprender mejor las causas y los mecanismos de las condiciones de salud, permitiendo diagn\u00f3sticos m\u00e1s precisos y efectivos; a la vez que medidas preventivas.<\/p>\n\n\n\n<div style=\"height:80px\" aria-hidden=\"true\" class=\"wp-block-spacer\"><\/div>\n<\/div><\/div>\n\n\n\n<div class=\"wp-block-cover alignfull has-parallax\"><span aria-hidden=\"true\" class=\"wp-block-cover__background has-black-background-color has-background-dim-60 has-background-dim\"><\/span><div class=\"wp-block-cover__image-background wp-image-10 has-parallax\" style=\"background-position:50% 50%;background-image:url(https:\/\/www.eprecisionhealth.com\/wp-content\/uploads\/2024\/10\/background-chico.png)\"><\/div><div class=\"wp-block-cover__inner-container is-layout-constrained wp-block-cover-is-layout-constrained\">\n<div style=\"height:80px\" aria-hidden=\"true\" class=\"wp-block-spacer\"><\/div>\n\n\n\n<h2 class=\"wp-block-heading has-text-align-center has-ast-global-color-5-color has-text-color has-link-color wp-elements-97e5325beb9b8838d8ca6928ddeea56b\" style=\"font-size:35px\"><strong>LA UNI\u00d3N DE LA CIENCIA, LA MEDICINA Y LA TECNOLOG\u00cdA<\/strong><div class=\"elementor-element elementor-element-uvjzmxr elementor-widget elementor-widget-testimonial\" data-id=\"uvjzmxr\" data-element_type=\"widget\" data-widget_type=\"testimonial.default\" style=\"box-sizing: border-box; margin: 0px; padding: 0px; border: 0px; outline: 0px; font-variant-numeric: inherit; font-variant-east-asian: inherit; font-variant-alternates: inherit; font-variant-position: inherit; font-stretch: inherit; line-height: inherit; font-optical-sizing: inherit; font-size-adjust: inherit; font-kerning: inherit; font-feature-settings: inherit; font-variation-settings: inherit; vertical-align: baseline; font-family: Dosis; font-size: 15px; font-weight: 400; --flex-direction: initial; --flex-wrap: initial; --justify-content: initial; --align-items: initial; --align-content: initial; --gap: initial; --flex-basis: initial; --flex-grow: initial; --flex-shrink: initial; --order: initial; --align-self: initial; flex-basis: var(--flex-basis); flex-grow: var(--flex-grow); flex-shrink: var(--flex-shrink); order: var(--order); align-self: var(--align-self); flex-direction: var(--flex-direction); flex-wrap: var(--flex-wrap); justify-content: var(--justify-content); align-items: var(--align-items); align-content: var(--align-content); gap: var(--gap); position: relative; --swiper-theme-color: #000; --swiper-navigation-size: 44px; --swiper-pagination-bullet-size: 6px; --swiper-pagination-bullet-horizontal-gap: 6px; --widgets-spacing: 20px 20px; width: 1120px; color: rgb(74, 74, 74); text-align: start; white-space-collapse: collapse;\"><div class=\"elementor-widget-container\" style=\"box-sizing: border-box; margin: 0px; padding: 0px; border: 0px; outline: 0px; font-variant: inherit; font-stretch: inherit; line-height: inherit; font-optical-sizing: inherit; font-size-adjust: inherit; font-kerning: inherit; font-feature-settings: inherit; font-variation-settings: inherit; vertical-align: baseline; font-family: inherit; font-style: inherit; font-weight: inherit; transition: background .3s,border .3s,border-radius .3s,box-shadow .3s,transform var(--e-transform-transition-duration,.4s);\"><div class=\"elementor-testimonial-wrapper\" style=\"box-sizing: border-box; margin: 0px; padding: 0px; border: 0px; outline: 0px; font-variant: inherit; font-stretch: inherit; line-height: inherit; font-optical-sizing: inherit; font-size-adjust: inherit; font-kerning: inherit; font-feature-settings: inherit; font-variation-settings: inherit; vertical-align: baseline; font-family: inherit; font-style: inherit; font-weight: inherit; overflow: hidden; text-align: center;\"><\/div><\/div><\/div><\/h2>\n\n\n\n<div style=\"height:20px\" aria-hidden=\"true\" class=\"wp-block-spacer\"><\/div>\n\n\n\n<p class=\"has-text-align-center has-ast-global-color-5-color has-text-color has-link-color wp-elements-c764023d1fa2cf368931096f7525acf9\" style=\"font-size:19px\">e-PRECISIONHEALTH surge a partir de el grupo de empresas TheNetFirm S.L. con muchos a\u00f1os de experiencia dando servicio a sectores altamente exigentes y manteniendo una l\u00ednea de innovaci\u00f3n permanente<br><\/p>\n\n\n\n<div style=\"height:80px\" aria-hidden=\"true\" class=\"wp-block-spacer\"><\/div>\n<\/div><\/div>\n\n\n\n<hr class=\"wp-block-separator has-text-color has-black-color has-alpha-channel-opacity has-black-background-color has-background is-style-default\" style=\"margin-top:var(--wp--preset--spacing--30);margin-bottom:var(--wp--preset--spacing--30)\"\/>\n\n\n\n<div class=\"wp-block-cover alignfull\"><span aria-hidden=\"true\" class=\"wp-block-cover__background has-ast-global-color-5-background-color has-background-dim-100 has-background-dim\"><\/span><div class=\"wp-block-cover__inner-container is-layout-constrained wp-block-cover-is-layout-constrained\">\n<h2 class=\"wp-block-heading has-text-align-center has-ast-global-color-2-color has-text-color has-link-color wp-elements-19dc8b30a32ece92d53e6989884a8920\" style=\"font-size:22px\"><strong>!ACCEDE A LA PAGINA WEB DE&nbsp; NUESTROS PRODUCTOS!<\/strong><section class=\"elementor-section elementor-inner-section elementor-element elementor-element-e57963a elementor-section-boxed elementor-section-height-default elementor-section-height-default\" data-id=\"e57963a\" data-element_type=\"section\" style=\"box-sizing: border-box; margin: 0px; padding: 0px; border: 0px; outline: 0px; font-variant-numeric: inherit; font-variant-east-asian: inherit; font-variant-alternates: inherit; font-variant-position: inherit; font-stretch: inherit; line-height: inherit; font-optical-sizing: inherit; font-size-adjust: inherit; font-kerning: inherit; font-feature-settings: inherit; font-variation-settings: inherit; vertical-align: baseline; font-family: Dosis; font-size: 15px; font-weight: 400; --flex-direction: initial; --flex-wrap: initial; --justify-content: initial; --align-items: initial; --align-content: initial; --gap: initial; --flex-basis: initial; --flex-grow: initial; --flex-shrink: initial; --order: initial; --align-self: initial; flex-basis: var(--flex-basis); flex-grow: var(--flex-grow); flex-shrink: var(--flex-shrink); order: var(--order); align-self: var(--align-self); position: relative; --swiper-theme-color: #000; --swiper-navigation-size: 44px; --swiper-pagination-bullet-size: 6px; --swiper-pagination-bullet-horizontal-gap: 6px; --widgets-spacing: 20px 20px; width: 1120px; color: rgb(74, 74, 74); text-align: start; white-space-collapse: collapse;\"><div class=\"elementor-container elementor-column-gap-default\" style=\"box-sizing: border-box; margin: 0px auto; padding: 0px; border: 0px; outline: 0px; font-variant: inherit; font-stretch: inherit; line-height: inherit; font-optical-sizing: inherit; font-size-adjust: inherit; font-kerning: inherit; font-feature-settings: inherit; font-variation-settings: inherit; vertical-align: baseline; font-family: inherit; font-style: inherit; font-weight: inherit; display: flex; position: relative; max-width: 1140px;\"><div class=\"elementor-column elementor-col-50 elementor-inner-column elementor-element elementor-element-eb7f973\" data-id=\"eb7f973\" data-element_type=\"column\" style=\"box-sizing: border-box; margin: 0px; padding: 0px; border: 0px; outline: 0px; font-variant: inherit; font-stretch: inherit; line-height: inherit; font-optical-sizing: inherit; font-size-adjust: inherit; font-kerning: inherit; font-feature-settings: inherit; font-variation-settings: inherit; vertical-align: baseline; font-family: inherit; font-style: inherit; font-weight: inherit; --flex-direction: initial; --flex-wrap: initial; --justify-content: initial; --align-items: initial; --align-content: initial; --gap: initial; --flex-basis: initial; --flex-grow: initial; --flex-shrink: initial; --order: initial; --align-self: initial; flex-basis: var(--flex-basis); flex-grow: var(--flex-grow); flex-shrink: var(--flex-shrink); order: var(--order); align-self: var(--align-self); position: relative; min-height: 1px; display: flex; --swiper-theme-color: #000; --swiper-navigation-size: 44px; --swiper-pagination-bullet-size: 6px; --swiper-pagination-bullet-horizontal-gap: 6px; --widgets-spacing: 20px 20px; width: 560px;\"><div class=\"elementor-widget-wrap elementor-element-populated\" style=\"box-sizing: border-box; margin: 0px; padding: 10px; border: 0px; outline: 0px; font-variant: inherit; font-stretch: inherit; line-height: inherit; font-optical-sizing: inherit; font-size-adjust: inherit; font-kerning: inherit; font-feature-settings: inherit; font-variation-settings: inherit; vertical-align: baseline; font-family: inherit; font-style: inherit; font-weight: inherit; position: relative; width: 560px; flex-wrap: wrap; align-content: flex-start; display: flex;\"><div class=\"elementor-element elementor-element-rwkqomv elementor-position-top elementor-widget elementor-widget-image-box\" data-id=\"rwkqomv\" data-element_type=\"widget\" data-widget_type=\"image-box.default\" style=\"box-sizing: border-box; margin: 0px 0px 20px; padding: 0px; border: 0px; outline: 0px; font-variant: inherit; font-stretch: inherit; line-height: inherit; font-optical-sizing: inherit; font-size-adjust: inherit; font-kerning: inherit; font-feature-settings: inherit; font-variation-settings: inherit; vertical-align: baseline; font-family: inherit; font-style: inherit; font-weight: inherit; --flex-direction: initial; --flex-wrap: initial; --justify-content: initial; --align-items: initial; --align-content: initial; --gap: initial; --flex-basis: initial; --flex-grow: initial; --flex-shrink: initial; --order: initial; --align-self: initial; flex-basis: var(--flex-basis); flex-grow: var(--flex-grow); flex-shrink: var(--flex-shrink); order: var(--order); align-self: var(--align-self); flex-direction: var(--flex-direction); flex-wrap: var(--flex-wrap); justify-content: var(--justify-content); align-items: var(--align-items); align-content: var(--align-content); gap: var(--gap); position: relative; --swiper-theme-color: #000; --swiper-navigation-size: 44px; --swiper-pagination-bullet-size: 6px; --swiper-pagination-bullet-horizontal-gap: 6px; --widgets-spacing: 20px 20px; width: 540px; margin-block-end: 20px;\"><div class=\"elementor-widget-container\" style=\"box-sizing: border-box; margin: 0px; padding: 0px; border: 0px; outline: 0px; font-variant: inherit; font-stretch: inherit; line-height: inherit; font-optical-sizing: inherit; font-size-adjust: inherit; font-kerning: inherit; font-feature-settings: inherit; font-variation-settings: inherit; vertical-align: baseline; font-family: inherit; font-style: inherit; font-weight: inherit; transition: background .3s,border .3s,border-radius .3s,box-shadow .3s,transform var(--e-transform-transition-duration,.4s);\"><\/div><\/div><\/div><\/div><\/div><\/section><\/h2>\n\n\n\n<div class=\"wp-block-columns is-layout-flex wp-container-core-columns-is-layout-28f84493 wp-block-columns-is-layout-flex\">\n<div class=\"wp-block-column is-layout-constrained wp-block-column-is-layout-constrained\">\n<div class=\"wp-block-group alignwide is-layout-constrained wp-container-core-group-is-layout-2688b163 wp-block-group-is-layout-constrained\" style=\"border-style:none;border-width:0px\">\n<figure class=\"wp-block-image aligncenter size-full is-resized\"><a href=\"https:\/\/www.ederma.es\"><img loading=\"lazy\" decoding=\"async\" width=\"256\" height=\"100\" src=\"https:\/\/www.eprecisionhealth.com\/wp-content\/uploads\/2024\/11\/logo-eDerma100.png\" alt=\"\" class=\"wp-image-107\" style=\"width:270px\"\/><\/a><\/figure>\n\n\n\n<p class=\"has-text-align-center has-ast-global-color-2-color has-text-color has-link-color wp-elements-466bfa8f09630e26dcf828e8c4f73b14\"><a href=\"https:\/\/www.ederma.es\">APLICACI\u00d3N M\u00d3VIL Y WEB<\/a><\/p>\n<\/div>\n<\/div>\n<\/div>\n<\/div><\/div>\n\n\n\n<p><\/p>\n","protected":false},"excerpt":{"rendered":"","protected":false},"author":1,"featured_media":0,"parent":0,"menu_order":0,"comment_status":"closed","ping_status":"closed","template":"","meta":{"site-sidebar-layout":"default","site-content-layout":"","ast-site-content-layout":"","site-content-style":"unboxed","site-sidebar-style":"default","ast-global-header-display":"","ast-banner-title-visibility":"","ast-main-header-display":"","ast-hfb-above-header-display":"","ast-hfb-below-header-display":"","ast-hfb-mobile-header-display":"","site-post-title":"disabled","ast-breadcrumbs-content":"","ast-featured-img":"","footer-sml-layout":"","theme-transparent-header-meta":"","adv-header-id-meta":"","stick-header-meta":"","header-above-stick-meta":"","header-main-stick-meta":"","header-below-stick-meta":"","astra-migrate-meta-layouts":"default","ast-page-background-enabled":"default","ast-page-background-meta":{"desktop":{"background-color":"var(--ast-global-color-4)","background-image":"","background-repeat":"repeat","background-position":"center center","background-size":"auto","background-attachment":"scroll","background-type":"","background-media":"","overlay-type":"","overlay-color":"","overlay-opacity":"","overlay-gradient":""},"tablet":{"background-color":"","background-image":"","background-repeat":"repeat","background-position":"center center","background-size":"auto","background-attachment":"scroll","background-type":"","background-media":"","overlay-type":"","overlay-color":"","overlay-opacity":"","overlay-gradient":""},"mobile":{"background-color":"","background-image":"","background-repeat":"repeat","background-position":"center center","background-size":"auto","background-attachment":"scroll","background-type":"","background-media":"","overlay-type":"","overlay-color":"","overlay-opacity":"","overlay-gradient":""}},"ast-content-background-meta":{"desktop":{"background-color":"var(--ast-global-color-5)","background-image":"","background-repeat":"repeat","background-position":"center center","background-size":"auto","background-attachment":"scroll","background-type":"","background-media":"","overlay-type":"","overlay-color":"","overlay-opacity":"","overlay-gradient":""},"tablet":{"background-color":"var(--ast-global-color-5)","background-image":"","background-repeat":"repeat","background-position":"center center","background-size":"auto","background-attachment":"scroll","background-type":"","background-media":"","overlay-type":"","overlay-color":"","overlay-opacity":"","overlay-gradient":""},"mobile":{"background-color":"var(--ast-global-color-5)","background-image":"","background-repeat":"repeat","background-position":"center center","background-size":"auto","background-attachment":"scroll","background-type":"","background-media":"","overlay-type":"","overlay-color":"","overlay-opacity":"","overlay-gradient":""}},"footnotes":""},"class_list":["post-6","page","type-page","status-publish","hentry"],"_links":{"self":[{"href":"https:\/\/www.eprecisionhealth.com\/index.php?rest_route=\/wp\/v2\/pages\/6","targetHints":{"allow":["GET"]}}],"collection":[{"href":"https:\/\/www.eprecisionhealth.com\/index.php?rest_route=\/wp\/v2\/pages"}],"about":[{"href":"https:\/\/www.eprecisionhealth.com\/index.php?rest_route=\/wp\/v2\/types\/page"}],"author":[{"embeddable":true,"href":"https:\/\/www.eprecisionhealth.com\/index.php?rest_route=\/wp\/v2\/users\/1"}],"replies":[{"embeddable":true,"href":"https:\/\/www.eprecisionhealth.com\/index.php?rest_route=%2Fwp%2Fv2%2Fcomments&post=6"}],"version-history":[{"count":70,"href":"https:\/\/www.eprecisionhealth.com\/index.php?rest_route=\/wp\/v2\/pages\/6\/revisions"}],"predecessor-version":[{"id":270,"href":"https:\/\/www.eprecisionhealth.com\/index.php?rest_route=\/wp\/v2\/pages\/6\/revisions\/270"}],"wp:attachment":[{"href":"https:\/\/www.eprecisionhealth.com\/index.php?rest_route=%2Fwp%2Fv2%2Fmedia&parent=6"}],"curies":[{"name":"wp","href":"https:\/\/api.w.org\/{rel}","templated":true}]}}